{"id":11,"date":"2021-11-21T11:49:45","date_gmt":"2021-11-21T11:49:45","guid":{"rendered":"https:\/\/dreihof.ch\/web\/?page_id=11"},"modified":"2023-01-02T11:33:22","modified_gmt":"2023-01-02T11:33:22","slug":"front-page-3","status":"publish","type":"page","link":"https:\/\/dreihof.ch\/web\/","title":{"rendered":"Willkommen bei dreihof.ch"},"content":{"rendered":"\n<p style=\"font-style:normal;font-weight:300\"><strong>Wir sind zumeist auf Feldern und Wiesen \u2013 darum fassen wir uns hier kurz <\/strong><\/p>\n\n\n\n<p style=\"font-style:normal;font-weight:400\">Wir \u2013 Walter Dreier und Ruth Hofer Dreier mit unseren T\u00f6chtern Meret und Valerie \u2013 bewirtschaften 26 Hektaren landwirtschaftliche Nutzfl\u00e4che nach \u00d6LN-Richtlinien. Auf unserem Hof leben 27 Milchk\u00fche und 3 bis 4 Aufzuchtk\u00e4lber bis 5 Monate.<\/p>\n\n\n\n<p style=\"font-style:normal;font-weight:400\">Wir bilden auf unserem Bauernhof \u2013 zu diesem geh\u00f6rt auch ein Betrieb in Utzenstorf \u2013 Lehrlinge aus<br>(1 Lehrstelle Landwirtin\/Landwirt EFZ).<\/p>\n\n\n\n<p style=\"font-style:normal;font-weight:400\">Wir produzieren:<\/p>\n\n\n\n<ul class=\"wp-block-list\" style=\"font-style:normal;font-weight:400\">\n<li>Pflanzkartoffeln 4 ha<\/li>\n\n\n\n<li>Speisekartoffeln 1.5 ha<\/li>\n\n\n\n<li>Saatgerste 4 ha <\/li>\n\n\n\n<li>Futtergerste 1.5 ha<\/li>\n\n\n\n<li>Silomais 4 ha<\/li>\n\n\n\n<li>Kunstwiese 9 ha<\/li>\n<\/ul>\n\n\n\n<p style=\"font-style:normal;font-weight:400\">Daneben unterhalten wir eine \u00f6kologische Ausgleichsfl\u00e4che von 2ha und bewirtschaften unseren eigenen Wald.<\/p>\n\n\n\n<iframe loading=\"lazy\" width=\"1897\" height=\"1067\" src=\"https:\/\/www.youtube.com\/embed\/mV2JcV_0iTg\" title=\"YouTube video player\" frameborder=\"0\" allow=\"accelerometer; autoplay; clipboard-write; encrypted-media; gyroscope; picture-in-picture\" allowfullscreen=\"\"><\/iframe>\n\n\n\n<figure class=\"wp-block-gallery has-nested-images columns-default is-cropped wp-block-gallery-1 is-layout-flex wp-block-gallery-is-layout-flex\">\n<figure class=\"wp-block-image size-large\"><img loading=\"lazy\" decoding=\"async\" width=\"1024\" height=\"274\" data-id=\"155\" src=\"https:\/\/dreihof.ch\/web\/wp-content\/uploads\/2021\/11\/pc180220-2000x1333-1-e1641739896629-1024x274.jpg\" alt=\"\" class=\"wp-image-155\" srcset=\"https:\/\/dreihof.ch\/web\/wp-content\/uploads\/2021\/11\/pc180220-2000x1333-1-e1641739896629-1024x274.jpg 1024w, https:\/\/dreihof.ch\/web\/wp-content\/uploads\/2021\/11\/pc180220-2000x1333-1-e1641739896629-300x80.jpg 300w, https:\/\/dreihof.ch\/web\/wp-content\/uploads\/2021\/11\/pc180220-2000x1333-1-e1641739896629-768x205.jpg 768w, https:\/\/dreihof.ch\/web\/wp-content\/uploads\/2021\/11\/pc180220-2000x1333-1-e1641739896629-1536x411.jpg 1536w, https:\/\/dreihof.ch\/web\/wp-content\/uploads\/2021\/11\/pc180220-2000x1333-1-e1641739896629-228x61.jpg 228w, https:\/\/dreihof.ch\/web\/wp-content\/uploads\/2021\/11\/pc180220-2000x1333-1-e1641739896629.jpg 2000w\" sizes=\"auto, (max-width: 1024px) 100vw, 1024px\" \/><\/figure>\n<\/figure>\n\n\n\n<h3 class=\"wp-block-heading\"><br>Wir freuen uns, von Dir zu h\u00f6ren!<\/h3>\n\n\n\n<p style=\"font-style:normal;font-weight:400\">Du erreichst uns per Mail \u00fcber&nbsp;<a href=\"mailto:dreihof@gmx.ch\">dreihof@gmx.ch<\/a>&nbsp;oder telefonisch unter 034 422 99 36.&nbsp;<\/p>\n\n\n\n<iframe src=\"https:\/\/www.google.com\/maps\/embed?pb=!1m18!1m12!1m3!1d3882.626345119047!2d7.58818045702949!3d47.05607655923765!2m3!1f0!2f0!3f0!3m2!1i1024!2i768!4f13.1!3m3!1m2!1s0x478e2de1f0a60853%3A0x80f3dfc493a1342e!2sRamsi%2029%2C%203421%20R%C3%BCti%20bei%20Lyssach!5e1!3m2!1sde!2sch!4v1637513425927!5m2!1sde!2sch\" width=\"1200px\" height=\"450px\" style=\"border:0;\" allowfullscreen=\"\" loading=\"lazy\"><\/iframe>\n","protected":false},"excerpt":{"rendered":"<p>Wir sind zumeist auf Feldern und Wiesen \u2013 darum fassen wir uns hier kurz Wir \u2013 Walter Dreier und Ruth Hofer Dreier mit unseren T\u00f6chtern Meret und Valerie \u2013 bewirtschaften 26 Hektaren landwirtschaftliche Nutzfl\u00e4che nach \u00d6LN-Richtlinien. Auf unserem Hof leben 27 Milchk\u00fche und 3 bis 4 Aufzuchtk\u00e4lber bis 5 Monate. Wir bilden auf unserem Bauernhof<\/p>\n<div><a class=\"btn-filled btn\" href=\"https:\/\/dreihof.ch\/web\/\" title=\"Willkommen bei dreihof.ch\">Weiterlesen<\/a><\/div>\n","protected":false},"author":1,"featured_media":0,"parent":0,"menu_order":0,"comment_status":"closed","ping_status":"closed","template":"page-templates\/template-home.php","meta":{"ngg_post_thumbnail":0,"footnotes":""},"class_list":["post-11","page","type-page","status-publish","hentry"],"_links":{"self":[{"href":"https:\/\/dreihof.ch\/web\/index.php?rest_route=\/wp\/v2\/pages\/11","targetHints":{"allow":["GET"]}}],"collection":[{"href":"https:\/\/dreihof.ch\/web\/index.php?rest_route=\/wp\/v2\/pages"}],"about":[{"href":"https:\/\/dreihof.ch\/web\/index.php?rest_route=\/wp\/v2\/types\/page"}],"author":[{"embeddable":true,"href":"https:\/\/dreihof.ch\/web\/index.php?rest_route=\/wp\/v2\/users\/1"}],"replies":[{"embeddable":true,"href":"https:\/\/dreihof.ch\/web\/index.php?rest_route=%2Fwp%2Fv2%2Fcomments&post=11"}],"version-history":[{"count":21,"href":"https:\/\/dreihof.ch\/web\/index.php?rest_route=\/wp\/v2\/pages\/11\/revisions"}],"predecessor-version":[{"id":467,"href":"https:\/\/dreihof.ch\/web\/index.php?rest_route=\/wp\/v2\/pages\/11\/revisions\/467"}],"wp:attachment":[{"href":"https:\/\/dreihof.ch\/web\/index.php?rest_route=%2Fwp%2Fv2%2Fmedia&parent=11"}],"curies":[{"name":"wp","href":"https:\/\/api.w.org\/{rel}","templated":true}]}}